{"id":31,"date":"2019-10-06T04:45:44","date_gmt":"2019-10-06T04:45:44","guid":{"rendered":"http:\/\/jsmassicotte.com\/wppro2\/?page_id=31"},"modified":"2022-10-07T14:48:00","modified_gmt":"2022-10-07T14:48:00","slug":"services","status":"publish","type":"page","link":"http:\/\/jsmassicotte.com\/wppro2\/services\/","title":{"rendered":"Services"},"content":{"rendered":"\n<ul><li>Cr\u00e9ation de reportages originaux dans les domaines du plein air, de l&rsquo;aventure, du tourisme et du voyage<\/li><li>Expert-conseil et chroniqueur dans les domaines du plein air et de l&rsquo;aventure<\/li><li>Consultant pour une approche m\u00e9dia efficace<\/li><li>Production audio de type podcast<\/li><li>Reportages photographiques vari\u00e9s<\/li><li>Cr\u00e9ation de portraits en vid\u00e9o<\/li><li>R\u00e9daction de billets de blogue<\/li><li>R\u00e9daction professionnelle vari\u00e9e<\/li><li>Traduction technique (anglais \u00e0 fran\u00e7ais)<\/li><li>Conf\u00e9rencier et formateur<\/li><li>Ateliers techniques mettant en synergie les activit\u00e9s de plein air et l&rsquo;univers des communications (pr\u00e9parer un reportage en r\u00e9gion \u00e9loign\u00e9e, r\u00e9daction et photographie d&rsquo;aventure, etc)<\/li><\/ul>\n\n\n\n<p class=\"has-text-align-center has-white-color has-text-color\"><strong>Clients r\u00e9cents<\/strong><\/p>\n\n\n\n<ul><li>Magazine <em><a rel=\"noreferrer noopener\" aria-label=\"Espaces (s\u2019ouvre dans un nouvel onglet)\" href=\"http:\/\/www.espaces.ca\" target=\"_blank\">Espaces<\/a><\/em>, TVA Publications<\/li><li><a rel=\"noreferrer noopener\" href=\"https:\/\/www.sepaq.com\/blogue\/passionnes-vrais-nature.dot\" target=\"_blank\">S\u00e9paq<\/a><\/li><li><em><a href=\"https:\/\/ici.radio-canada.ca\/ohdio\/premiere\/emissions\/des-matins-en-or\/episodes\/626708\/rattrapage-du-mardi-10-mai-2022\/9?fbclid=IwAR3Tl-m23DDEF0VKyPuy5Tj_U-gGdB54CLtE5OexpT-2vWRuAqg0r_aGVtY\" target=\"_blank\" rel=\"noreferrer noopener\">Des matins en or avec David Chabot<\/a><\/em>, ICI Radio-Canada Premi\u00e8re<\/li><li><em>Premi\u00e8re heure avec Claude Bernatchez<\/em>, ICI Radio-Canada Premi\u00e8re<\/li><li><em><a rel=\"noreferrer noopener\" aria-label=\"C'est bien meilleur l'apr\u00e8s-midi (s\u2019ouvre dans un nouvel onglet)\" href=\"https:\/\/ici.radio-canada.ca\/premiere\/emissions\/c-est-encore-mieux-l-apres-midi\/segments\/entrevue\/138063\/jean-sebastien-massicotte-appel-aventure\" target=\"_blank\">C&rsquo;est bien meilleur l&rsquo;apr\u00e8s-midi<\/a><\/em> avec Guillaume Dumas, ICI Radio-Canada-Premi\u00e8re<\/li><li><a rel=\"noreferrer noopener\" aria-label=\"Base Plein Air Sainte-Foy (s\u2019ouvre dans un nouvel onglet)\" href=\"https:\/\/www.bpasf.com\" target=\"_blank\">Base Plein Air Sainte-Foy<\/a><\/li><li>Magazine <em>Vie en montagne<\/em>, <a rel=\"noreferrer noopener\" aria-label=\"Mountain Life Media (s\u2019ouvre dans un nouvel onglet)\" href=\"https:\/\/www.mountainlifemedia.ca\/2019\/06\/45425\/\" target=\"_blank\">Mountain Life Media<\/a><\/li><li>Mustang Survival<\/li><li><a rel=\"noreferrer noopener\" href=\"http:\/\/www.pagaiequebec.ca\" target=\"_blank\">Pagaie Qu\u00e9bec<\/a><\/li><li>Rocky Mountain<\/li><li>Universit\u00e9 du Qu\u00e9bec \u00e0 Chicoutimi<\/li><li>&#8230;<\/li><\/ul>\n","protected":false},"excerpt":{"rendered":"<p>Cr\u00e9ation de reportages originaux dans les domaines du plein air, de l&rsquo;aventure, du tourisme et du voyage Expert-conseil et chroniqueur dans les domaines du plein air et de l&rsquo;aventure Consultant<\/p>\n<p class=\"more-link\"><a href=\"http:\/\/jsmassicotte.com\/wppro2\/services\/\" class=\"readmore\">Continue reading&#8230;<span class=\"screen-reader-text\">Services<\/span><\/a><\/p>\n","protected":false},"author":1,"featured_media":0,"parent":0,"menu_order":0,"comment_status":"closed","ping_status":"closed","template":"","meta":{"footnotes":""},"_links":{"self":[{"href":"http:\/\/jsmassicotte.com\/wppro2\/wp-json\/wp\/v2\/pages\/31"}],"collection":[{"href":"http:\/\/jsmassicotte.com\/wppro2\/wp-json\/wp\/v2\/pages"}],"about":[{"href":"http:\/\/jsmassicotte.com\/wppro2\/wp-json\/wp\/v2\/types\/page"}],"author":[{"embeddable":true,"href":"http:\/\/jsmassicotte.com\/wppro2\/wp-json\/wp\/v2\/users\/1"}],"replies":[{"embeddable":true,"href":"http:\/\/jsmassicotte.com\/wppro2\/wp-json\/wp\/v2\/comments?post=31"}],"version-history":[{"count":11,"href":"http:\/\/jsmassicotte.com\/wppro2\/wp-json\/wp\/v2\/pages\/31\/revisions"}],"predecessor-version":[{"id":449,"href":"http:\/\/jsmassicotte.com\/wppro2\/wp-json\/wp\/v2\/pages\/31\/revisions\/449"}],"wp:attachment":[{"href":"http:\/\/jsmassicotte.com\/wppro2\/wp-json\/wp\/v2\/media?parent=31"}],"curies":[{"name":"wp","href":"https:\/\/api.w.org\/{rel}","templated":true}]}}